{"id":82,"date":"2011-06-15T15:02:30","date_gmt":"2011-06-15T15:02:30","guid":{"rendered":"http:\/\/www.traducteurs-interpretes.lu\/?page_id=82"},"modified":"2023-10-22T08:21:04","modified_gmt":"2023-10-22T06:21:04","slug":"actualites","status":"publish","type":"page","link":"https:\/\/www.traducteurs-interpretes.lu\/en\/actualites\/","title":{"rendered":"<center>Association news<\/center>"},"content":{"rendered":"<p>[This content is only available in French]<\/p>\n<p style=\"text-align: center;\"><strong>T\u00e9l\u00e9formation : \u00ab Les droits de la nature : un changement de paradigme philosophique, juridique et linguistique \u00bb<\/strong><\/p>\n<p>Date : vendredi 17 novembre 2023<br \/>\nHeure : 17-19 heures<br \/>\nModalit\u00e9 : t\u00e9l\u00e9formation par Zoom<br \/>\nFormatrice : Maria Elena Belli, interpr\u00e8te de conf\u00e9rence, membre du Conseil d&#8217;administration de l&#8217;ALTI<br \/>\nTarif : gratuit pour les membres de l&#8217;ALTI et les \u00e9tudiants, 30 \u20ac pour les membres d&#8217;autres associations de traducteurs\/interpr\u00e8tes, 40 \u20ac pour les non-membres<br \/>\nPaiement par virement bancaire sur le compte de l&#8217;ALTI aupr\u00e8s de la BCEE : IBAN LU49 0019 3555 5960 3000 (BIC CODE : BCEELULL)<br \/>\nInscription : chez Maria Elena \u00e0 l&#8217;adresse mariaelena@traducteurs-interpretes.lu<\/p>\n<p>Contenu : Reconna\u00eetre et octroyer des droits \u00e0 la nature en tant que telle demande un changement de vision radicale et une r\u00e9flexion \u00e0 caract\u00e8re philosophique, juridique ainsi que linguistique.<br \/>\nCr\u00e9er ou reconna\u00eetre des nouveaux sujets de droit entra\u00eene la conception d\u2019un syst\u00e8me de protection juridique totalement nouveau, bas\u00e9 sur une nouvelle vision du monde qui nous entoure.<br \/>\nLe but de cette formation est d\u2019offrir un aper\u00e7u des d\u00e9fis et des r\u00e9flexions li\u00e9s \u00e0 un nouveau concept de nature et de ses droits.<\/p>\n<p><\/center><br \/>\n<\/p>","protected":false},"excerpt":{"rendered":"<p>[This content is only available in French] T\u00e9l\u00e9formation : \u00ab Les droits de la nature : un changement de paradigme philosophique, juridique et linguistique \u00bb Date : vendredi 17 novembre 2023 Heure : 17-19 heures Modalit\u00e9 : t\u00e9l\u00e9formation par Zoom Formatrice : Maria Elena Belli, interpr\u00e8te de conf\u00e9rence, membre du Conseil d&#8217;administration de l&#8217;ALTI Tarif &#8230; <a title=\"Association news\" class=\"read-more\" href=\"https:\/\/www.traducteurs-interpretes.lu\/en\/actualites\/\" aria-label=\"Read more about Association news\">Read more<\/a><\/p>\n","protected":false},"author":1,"featured_media":0,"parent":0,"menu_order":1,"comment_status":"closed","ping_status":"closed","template":"","meta":{"footnotes":""},"class_list":["post-82","page","type-page","status-publish"],"jetpack_sharing_enabled":true,"_links":{"self":[{"href":"https:\/\/www.traducteurs-interpretes.lu\/en\/wp-json\/wp\/v2\/pages\/82","targetHints":{"allow":["GET"]}}],"collection":[{"href":"https:\/\/www.traducteurs-interpretes.lu\/en\/wp-json\/wp\/v2\/pages"}],"about":[{"href":"https:\/\/www.traducteurs-interpretes.lu\/en\/wp-json\/wp\/v2\/types\/page"}],"author":[{"embeddable":true,"href":"https:\/\/www.traducteurs-interpretes.lu\/en\/wp-json\/wp\/v2\/users\/1"}],"replies":[{"embeddable":true,"href":"https:\/\/www.traducteurs-interpretes.lu\/en\/wp-json\/wp\/v2\/comments?post=82"}],"version-history":[{"count":4,"href":"https:\/\/www.traducteurs-interpretes.lu\/en\/wp-json\/wp\/v2\/pages\/82\/revisions"}],"predecessor-version":[{"id":2947,"href":"https:\/\/www.traducteurs-interpretes.lu\/en\/wp-json\/wp\/v2\/pages\/82\/revisions\/2947"}],"wp:attachment":[{"href":"https:\/\/www.traducteurs-interpretes.lu\/en\/wp-json\/wp\/v2\/media?parent=82"}],"curies":[{"name":"wp","href":"https:\/\/api.w.org\/{rel}","templated":true}]}}