{"id":3019,"date":"2026-02-11T06:23:21","date_gmt":"2026-02-11T05:23:21","guid":{"rendered":"https:\/\/www.traducteurs-interpretes.lu\/?page_id=3019"},"modified":"2026-03-04T23:24:41","modified_gmt":"2026-03-04T22:24:41","slug":"journee-traduction-2026","status":"publish","type":"page","link":"https:\/\/www.traducteurs-interpretes.lu\/en\/journee-traduction-2026\/","title":{"rendered":"(Fran\u00e7ais) 7e Journ\u00e9e luxembourgeoise de la traduction et de l&#8217;interpr\u00e9tation"},"content":{"rendered":"<p class=\"qtranxs-available-languages-message qtranxs-available-languages-message-en\">Sorry, this entry is only available in <a href=\"https:\/\/www.traducteurs-interpretes.lu\/fr\/wp-json\/wp\/v2\/pages\/3019\" class=\"qtranxs-available-language-link qtranxs-available-language-link-fr\" title=\"Fran\u00e7ais\">Fran\u00e7ais<\/a>.<\/p>","protected":false},"excerpt":{"rendered":"<p>Sorry, this entry is only available in Fran\u00e7ais.<\/p>\n","protected":false},"author":1,"featured_media":0,"parent":0,"menu_order":0,"comment_status":"closed","ping_status":"closed","template":"","meta":{"footnotes":""},"class_list":["post-3019","page","type-page","status-publish"],"jetpack_sharing_enabled":true,"_links":{"self":[{"href":"https:\/\/www.traducteurs-interpretes.lu\/en\/wp-json\/wp\/v2\/pages\/3019","targetHints":{"allow":["GET"]}}],"collection":[{"href":"https:\/\/www.traducteurs-interpretes.lu\/en\/wp-json\/wp\/v2\/pages"}],"about":[{"href":"https:\/\/www.traducteurs-interpretes.lu\/en\/wp-json\/wp\/v2\/types\/page"}],"author":[{"embeddable":true,"href":"https:\/\/www.traducteurs-interpretes.lu\/en\/wp-json\/wp\/v2\/users\/1"}],"replies":[{"embeddable":true,"href":"https:\/\/www.traducteurs-interpretes.lu\/en\/wp-json\/wp\/v2\/comments?post=3019"}],"version-history":[{"count":18,"href":"https:\/\/www.traducteurs-interpretes.lu\/en\/wp-json\/wp\/v2\/pages\/3019\/revisions"}],"predecessor-version":[{"id":3043,"href":"https:\/\/www.traducteurs-interpretes.lu\/en\/wp-json\/wp\/v2\/pages\/3019\/revisions\/3043"}],"wp:attachment":[{"href":"https:\/\/www.traducteurs-interpretes.lu\/en\/wp-json\/wp\/v2\/media?parent=3019"}],"curies":[{"name":"wp","href":"https:\/\/api.w.org\/{rel}","templated":true}]}}