{"id":2984,"date":"2024-11-19T19:17:17","date_gmt":"2024-11-19T18:17:17","guid":{"rendered":"https:\/\/www.traducteurs-interpretes.lu\/?page_id=2984"},"modified":"2024-11-19T19:18:52","modified_gmt":"2024-11-19T18:18:52","slug":"journee-traduction-2024","status":"publish","type":"page","link":"https:\/\/www.traducteurs-interpretes.lu\/en\/journee-traduction-2024\/","title":{"rendered":"(Fran\u00e7ais) 6e Journ\u00e9e Luxembourgeoise de la Traduction et de l&#8217;Interpr\u00e9tation"},"content":{"rendered":"<p class=\"qtranxs-available-languages-message qtranxs-available-languages-message-en\">Sorry, this entry is only available in <a href=\"https:\/\/www.traducteurs-interpretes.lu\/fr\/wp-json\/wp\/v2\/pages\/2984\" class=\"qtranxs-available-language-link qtranxs-available-language-link-fr\" title=\"Fran\u00e7ais\">Fran\u00e7ais<\/a>.<\/p>","protected":false},"excerpt":{"rendered":"<p>Sorry, this entry is only available in Fran\u00e7ais.<\/p>\n","protected":false},"author":1,"featured_media":0,"parent":0,"menu_order":0,"comment_status":"closed","ping_status":"closed","template":"","meta":{"footnotes":""},"class_list":["post-2984","page","type-page","status-publish"],"jetpack_sharing_enabled":true,"_links":{"self":[{"href":"https:\/\/www.traducteurs-interpretes.lu\/en\/wp-json\/wp\/v2\/pages\/2984","targetHints":{"allow":["GET"]}}],"collection":[{"href":"https:\/\/www.traducteurs-interpretes.lu\/en\/wp-json\/wp\/v2\/pages"}],"about":[{"href":"https:\/\/www.traducteurs-interpretes.lu\/en\/wp-json\/wp\/v2\/types\/page"}],"author":[{"embeddable":true,"href":"https:\/\/www.traducteurs-interpretes.lu\/en\/wp-json\/wp\/v2\/users\/1"}],"replies":[{"embeddable":true,"href":"https:\/\/www.traducteurs-interpretes.lu\/en\/wp-json\/wp\/v2\/comments?post=2984"}],"version-history":[{"count":7,"href":"https:\/\/www.traducteurs-interpretes.lu\/en\/wp-json\/wp\/v2\/pages\/2984\/revisions"}],"predecessor-version":[{"id":2995,"href":"https:\/\/www.traducteurs-interpretes.lu\/en\/wp-json\/wp\/v2\/pages\/2984\/revisions\/2995"}],"wp:attachment":[{"href":"https:\/\/www.traducteurs-interpretes.lu\/en\/wp-json\/wp\/v2\/media?parent=2984"}],"curies":[{"name":"wp","href":"https:\/\/api.w.org\/{rel}","templated":true}]}}